{"id":31,"date":"2012-12-31T00:00:45","date_gmt":"2012-12-31T07:00:45","guid":{"rendered":"http:\/\/www.lacrepemichel.com\/main\/?page_id=31"},"modified":"2017-03-15T10:14:25","modified_gmt":"2017-03-15T16:14:25","slug":"dinner-menu","status":"publish","type":"page","link":"http:\/\/www.lacrepemichel.com\/main\/dinner-menu\/","title":{"rendered":"Dinner Menu"},"content":{"rendered":"<table border=\"0\" cellspacing=\"0\" cellpadding=\"0\">\n<tbody>\n<tr>\n<td colspan=\"2\" valign=\"top\" width=\"315\">\n<h2>Hors d\u2019Oeuvres<\/h2>\n<h2>Soups<\/h2>\n<\/td>\n<\/tr>\n<tr>\n<td valign=\"top\" width=\"255\"><a class=\"thickbox\" title=\"Soupe a l\u2019Oignon\" href=\"..\/..\/d\/soupealoignon.jpg\">Soupe a l\u2019Oignon<\/a>\u00a0(Bowl\/Cup)<br \/>\n<a class=\"thickbox\" title=\"Soupe du Jour\" href=\"..\/..\/d\/soupedujour.jpg\">Soupe du Jour<\/a>\u00a0(Bowl\/Cup) Daily\/Vegetarian<br \/>\n<a class=\"thickbox\" title=\"Soupe de Poissons\" href=\"..\/..\/d\/soupedepoissons.jpg\">Soupe de Poissons<\/a>\u00a0(Bowl\/Cup)<\/td>\n<td style=\"text-align: right;\" valign=\"top\" width=\"60\">5.50\/3.95<br \/>\n4.95\/3.75<br \/>\n4.95\/3.75<\/td>\n<\/tr>\n<tr>\n<td colspan=\"2\" valign=\"top\" width=\"315\">\n<h2>Appetizers<\/h2>\n<\/td>\n<\/tr>\n<tr>\n<td valign=\"top\" width=\"255\"><a class=\"thickbox\" title=\"P\u00e2t\u00e9 de Campagne Maison\" href=\"..\/..\/d\/patedecampagnemaison.jpg\">P\u00e2t\u00e9 de Campagne Maison<\/a><br \/>\n<a class=\"thickbox\" title=\"Les Escargots\" href=\"..\/..\/d\/lesescargots.jpg\">Les Escargots<\/a><br \/>\n<a class=\"thickbox\" title=\"Cr\u00eape de Saumon Fum\u00e9 aux Pommes\" href=\"..\/..\/d\/crepedesaumonfumeauxpommes.jpg\">Cr\u00eape de Saumon Fum\u00e9 aux Pommes<\/a><br \/>\n<a class=\"thickbox\" title=\"Rillette de Saumon\" href=\"..\/..\/d\/rillettedesaumon.jpg\">Rillette de Saumon<\/a><br \/>\n<a class=\"thickbox\" title=\"Brie en Croute\" href=\"..\/..\/d\/brieencroute.jpg\">Brie en Croute<\/a><br \/>\n<a class=\"thickbox\" title=\"Assiette Paysanne\" href=\"..\/..\/d\/assiettepaysanne.jpg\">Assiette Paysanne<\/a><\/td>\n<td style=\"text-align: right;\" valign=\"top\" width=\"60\">10.95\/6.95<br \/>\n6.50<br \/>\n10.95<br \/>\n10.95\/6.95<br \/>\n9.95<br \/>\n12.50<\/td>\n<\/tr>\n<tr>\n<td colspan=\"2\" valign=\"top\" width=\"315\">\n<h2>Salades<\/h2>\n<p>All salads are served with our own special vinaigrette recipe.<\/td>\n<\/tr>\n<tr>\n<td valign=\"top\" width=\"255\"><a class=\"thickbox\" title=\"Salade d\u2019Endive au Roquefort et Noix\" href=\"..\/..\/d\/saladedendiveauroquefortetnoix.jpg\">Salade d\u2019Endive au Roquefort et Noix<\/a><br \/>\n<a class=\"thickbox\" title=\"Salade Mesclun\" href=\"..\/..\/d\/salademesclun.jpg\">Salade Mesclun<\/a><br \/>\n<a class=\"thickbox\" title=\"Salade Maison\" href=\"..\/..\/d\/salademaison.jpg\">Salade Maison<\/a><br \/>\n<a class=\"thickbox\" title=\"Salade Ni\u00e7oise\" href=\"..\/..\/d\/saladenicoise.jpg\">Salade Ni\u00e7oise<\/a><\/td>\n<td style=\"text-align: right;\" valign=\"top\" width=\"60\">10.50<br \/>\n7.50<br \/>\n4.25<br \/>\n12.95<\/td>\n<\/tr>\n<tr>\n<td colspan=\"2\" valign=\"top\" width=\"315\">\n<h2>Cr\u00eapes Sal\u00e9es<\/h2>\n<h2>(Savory Cr\u00eapes)<\/h2>\n<\/td>\n<\/tr>\n<tr>\n<td valign=\"top\" width=\"255\"><a class=\"thickbox\" title=\"Cr\u00eape aux Fruits de Mer\" href=\"..\/..\/d\/crepeauxfruitsdemer.jpg\">Cr\u00eape aux Fruits de Mer<\/a><br \/>\n<a class=\"thickbox\" title=\"Cr\u00eape a la Ratatouille \" href=\"..\/..\/d\/crepealaratatouille.jpg\">Cr\u00eape a la Ratatouille <\/a><br \/>\n<a class=\"thickbox\" title=\"Cr\u00eape aux Epinards \" href=\"..\/..\/d\/crepeauxepinards.jpg\">Cr\u00eape aux Epinards <\/a><br \/>\n<a class=\"thickbox\" title=\"Cr\u00eape au Boeuf Bourguignon\" href=\"..\/..\/d\/crepeauboeufbourguignon.jpg\">Cr\u00eape au Boeuf Bourguignon<\/a><br \/>\n<a class=\"thickbox\" title=\"Crepe au Porc Dijonnaise\" href=\"..\/..\/d\/crepeauporcdijonnaise.jpg\">Crepe au Porc Dijonnaise<\/a><br \/>\n<a class=\"thickbox\" title=\"Cr\u00eape au Saumon et Asperges\" href=\"..\/..\/d\/crepeausaumonetasperges.jpg\">Cr\u00eape au Saumon et Asperges<\/a><br \/>\n<a class=\"thickbox\" title=\"Cr\u00eape a la Volaille\" href=\"..\/..\/d\/crepealavolaille.jpg\">Cr\u00eape a la Volaille<\/a><br \/>\n<a class=\"thickbox\" title=\"Cr\u00eape aux Epinards et Artichauts\" href=\"..\/..\/d\/crepeauxepinardsetartichauts.jpg\">Cr\u00eape aux Epinards et Artichauts<\/a><br \/>\n<a class=\"thickbox\" title=\"Cr\u00eape aux Champignons\" href=\"..\/..\/d\/crepeauxchampignons.jpg\">Cr\u00eape aux Champignons<\/a><\/td>\n<td style=\"text-align: right;\" valign=\"top\" width=\"60\">15.50<br \/>\n11.50<br \/>\n10.95<br \/>\n13.50<br \/>\n12.95<br \/>\n12.95<br \/>\n12.50<br \/>\n11.95<br \/>\n12.95<\/td>\n<\/tr>\n<tr>\n<td colspan=\"2\" valign=\"top\" width=\"315\">\n<h2>Special Entrees<\/h2>\n<\/td>\n<\/tr>\n<tr>\n<td valign=\"top\" width=\"255\"><a class=\"thickbox\" title=\"Steak Frites\" href=\"..\/..\/d\/steakfrites.jpg\">Steak Frites<\/a><br \/>\n<a class=\"thickbox\" title=\"Truite aux Amandes\" href=\"..\/..\/d\/truiteauxamandes.jpg\">Truite aux Amandes<\/a><\/td>\n<td style=\"text-align: right;\" valign=\"top\" width=\"60\">22.50<br \/>\n20.50<\/td>\n<\/tr>\n<\/tbody>\n<\/table>\n<p style=\"text-align: center;\">Buckwheat cr\u00eapes available<\/p>\n<p>&nbsp;<\/p>\n","protected":false},"excerpt":{"rendered":"<p>Hors d\u2019Oeuvres Soups Soupe a l\u2019Oignon\u00a0(Bowl\/Cup) Soupe du Jour\u00a0(Bowl\/Cup) Daily\/Vegetarian Soupe de Poissons\u00a0(Bowl\/Cup) 5.50\/3.95 4.95\/3.75 4.95\/3.75 Appetizers P\u00e2t\u00e9 de Campagne Maison Les Escargots Cr\u00eape de Saumon Fum\u00e9 aux Pommes Rillette de Saumon Brie en Croute Assiette Paysanne 10.95\/6.95 6.50 10.95 10.95\/6.95 9.95 12.50 Salades All salads are served with our own special vinaigrette recipe. Salade [&hellip;]<\/p>\n","protected":false},"author":1,"featured_media":0,"parent":0,"menu_order":3,"comment_status":"closed","ping_status":"closed","template":"","meta":{"_monsterinsights_skip_tracking":false,"_monsterinsights_sitenote_active":false,"_monsterinsights_sitenote_note":"","_monsterinsights_sitenote_category":0,"footnotes":""},"class_list":["post-31","page","type-page","status-publish","hentry"],"_links":{"self":[{"href":"http:\/\/www.lacrepemichel.com\/main\/wp-json\/wp\/v2\/pages\/31","targetHints":{"allow":["GET"]}}],"collection":[{"href":"http:\/\/www.lacrepemichel.com\/main\/wp-json\/wp\/v2\/pages"}],"about":[{"href":"http:\/\/www.lacrepemichel.com\/main\/wp-json\/wp\/v2\/types\/page"}],"author":[{"embeddable":true,"href":"http:\/\/www.lacrepemichel.com\/main\/wp-json\/wp\/v2\/users\/1"}],"replies":[{"embeddable":true,"href":"http:\/\/www.lacrepemichel.com\/main\/wp-json\/wp\/v2\/comments?post=31"}],"version-history":[{"count":10,"href":"http:\/\/www.lacrepemichel.com\/main\/wp-json\/wp\/v2\/pages\/31\/revisions"}],"predecessor-version":[{"id":33,"href":"http:\/\/www.lacrepemichel.com\/main\/wp-json\/wp\/v2\/pages\/31\/revisions\/33"}],"wp:attachment":[{"href":"http:\/\/www.lacrepemichel.com\/main\/wp-json\/wp\/v2\/media?parent=31"}],"curies":[{"name":"wp","href":"https:\/\/api.w.org\/{rel}","templated":true}]}}